{"id":2,"date":"2026-03-19T07:36:13","date_gmt":"2026-03-19T07:36:13","guid":{"rendered":"https:\/\/mielike.fi\/?page_id=2"},"modified":"2026-04-04T11:00:41","modified_gmt":"2026-04-04T11:00:41","slug":"sample-page","status":"publish","type":"page","link":"https:\/\/mielike.fi\/index.php\/sample-page\/","title":{"rendered":"Minusta"},"content":{"rendered":"\n<p>Ihanaa, ett\u00e4 olet l\u00f6yt\u00e4nyt sivuilleni!<\/p>\n\n\n\n<p>Olen Hertta Lehtinen 32-vuotias lapsiin ja nuoriin erikoistunut sairaanhoitaja, kehotietoinen rentoutusohjaaja ja yin-joogaohjaaja. Asun Sastamalassa perheeni kanssa Rautaveden \u00e4\u00e4rell\u00e4. P\u00e4ivisin ty\u00f6skentelen sairaanhoitajana neuropsykiatrisesti oireilevien lasten kanssa. T\u00e4m\u00e4n ohella tarjoan rentoutusohjaajan sek\u00e4 yin-joogaohjaajan palveluita. Unelmoin p\u00e4ivitt\u00e4isest\u00e4 avantoon pulahtamisesta, joka-aamuisesta jooga-hetkest\u00e4 ulkoilmassa sek\u00e4 ennen kaikkea vapaudesta el\u00e4\u00e4 juuri omann\u00e4k\u00f6ist\u00e4 el\u00e4m\u00e4\u00e4! <\/p>\n\n\n\n<p>El\u00e4m\u00e4ni on ollut kolmen pienen lapsen \u00e4itin\u00e4 pitk\u00e4\u00e4n t\u00e4ynn\u00e4 vaatimuksia ja jatkuvaa valmiustilaa. Kiireinen ja ty\u00f6nt\u00e4yteinen arki v\u00e4sytti sek\u00e4 kehoni ett\u00e4 mieleni. En nukkunut hyvin, enk\u00e4 palautunut. Yritin sy\u00f6d\u00e4 hyvin ja liikkua aktiivisesti. Suoritin jatkuvasti el\u00e4m\u00e4\u00e4. En saavuttanut, enk\u00e4 olisi koskaan saavuttanut, n\u00e4ill\u00e4 keinoilla kehon ja mielen rauhaa tai hyv\u00e4\u00e4 oloa. Lopulta aloin sitke\u00e4sti omatoimisesti opiskelemaan lukemalla, kuuntelemalla ja harjoittelemalla hermostoni rauhoittamista, kehoni kuuntelemista ja l\u00f6yt\u00e4m\u00e4\u00e4n lempeit\u00e4 tapoja palautua kuormittavan arjen keskell\u00e4. <\/p>\n\n\n\n<p>Samoihin aikoihin aloitin kehotietoisen rentoutusohjaajan ja yin-joogaohjaajan opintoni p\u00e4iv\u00e4ty\u00f6ni ohessa. Ne olivat siis oma matkani mieleni ja kehoni kokonaisvaltaiseen hyv\u00e4\u00e4n oloon. Jo heti matkani alussa, tajusin pys\u00e4htyess\u00e4ni aistimaan ymp\u00e4rist\u00f6\u00e4 ja kuuntelemaan ihmisi\u00e4 ymp\u00e4rill\u00e4ni, ett\u00e4 l\u00e4hes meill\u00e4 kaikilla on todellisen pys\u00e4htymisen taidot hukassa. P\u00e4\u00e4ss\u00e4mme py\u00f6rii paljolti &#8221;minun pit\u00e4isi&#8221; -ajattelumalli ja todelliselle kehon rauhoittumiselle ei ole aikaa tai edes keinoja. Suoritamme el\u00e4m\u00e4\u00e4 &#8211; suorittaaksemme el\u00e4m\u00e4\u00e4. <\/p>\n\n\n\n<p>Vuosien oma kuormittumiseni ja t\u00e4t\u00e4 kuormaa purkaessani oppimani asiat opettivat minulle, miten elint\u00e4rke\u00e4\u00e4 on pys\u00e4hty\u00e4 ja miten vaikeaa se voi olla, kun keho on ollut  jatkuvassa ylivireystilassa hyvin pitk\u00e4n ajan. T\u00e4m\u00e4 matka on edelleen kesken, eik\u00e4 se lopu koskaan. Oppimani rentoutumisen keinot ja harjoitteet ovat auttaneet minua. Tahdon uskoa niiden auttavan my\u00f6s muita kokemaan samanlaista kehon rentoutta ja mielen rauhaa arkisten asioiden keskell\u00e4.    <\/p>\n\n\n\n<figure class=\"wp-block-pullquote\"><blockquote><p>Minulle t\u00e4rkeint\u00e4 on<br>luoda hetki,<br>joka muistuttaa siit\u00e4,<br>ett\u00e4 hyvinvointi ei ole<br>vain ylellisyys.<br><br>Jokainen meist\u00e4<br>ansaitsee tulla<br>n\u00e4hdyksi, kuulluksi ja kannatelluksi<br>omana itsen\u00e4\u00e4n.<\/p><cite>-Hertta Lehtinen<\/cite><\/blockquote><\/figure>\n","protected":false},"excerpt":{"rendered":"<p>Ihanaa, ett\u00e4 olet l\u00f6yt\u00e4nyt sivuilleni! Olen Hertta Lehtinen 32-vuotias lapsiin ja nuoriin erikoistunut sairaanhoitaja, kehotietoinen rentoutusohjaaja ja yin-joogaohjaaja. Asun Sastamalassa perheeni kanssa Rautaveden \u00e4\u00e4rell\u00e4. P\u00e4ivisin ty\u00f6skentelen sairaanhoitajana neuropsykiatrisesti oireilevien lasten kanssa. T\u00e4m\u00e4n ohella tarjoan rentoutusohjaajan sek\u00e4 yin-joogaohjaajan palveluita. Unelmoin p\u00e4ivitt\u00e4isest\u00e4 avantoon pulahtamisesta, joka-aamuisesta jooga-hetkest\u00e4 ulkoilmassa sek\u00e4 ennen kaikkea vapaudesta el\u00e4\u00e4 juuri omann\u00e4k\u00f6ist\u00e4 el\u00e4m\u00e4\u00e4! El\u00e4m\u00e4ni on [&hellip;]<\/p>\n","protected":false},"author":1,"featured_media":0,"parent":0,"menu_order":0,"comment_status":"closed","ping_status":"open","template":"","meta":{"footnotes":""},"class_list":["post-2","page","type-page","status-publish","hentry"],"yoast_head":"<!-- This site is optimized with the Yoast SEO plugin v27.2 - https:\/\/yoast.com\/product\/yoast-seo-wordpress\/ -->\n<title>Minusta - Mieli,liike ja keho<\/title>\n<meta name=\"robots\" content=\"index, follow, max-snippet:-1, max-image-preview:large, max-video-preview:-1\" \/>\n<link rel=\"canonical\" href=\"https:\/\/mielike.fi\/index.php\/sample-page\/\" \/>\n<meta property=\"og:locale\" content=\"fi_FI\" \/>\n<meta property=\"og:type\" content=\"article\" \/>\n<meta property=\"og:title\" content=\"Minusta - Mieli,liike ja keho\" \/>\n<meta property=\"og:description\" content=\"Ihanaa, ett\u00e4 olet l\u00f6yt\u00e4nyt sivuilleni! Olen Hertta Lehtinen 32-vuotias lapsiin ja nuoriin erikoistunut sairaanhoitaja, kehotietoinen rentoutusohjaaja ja yin-joogaohjaaja. Asun Sastamalassa perheeni kanssa Rautaveden \u00e4\u00e4rell\u00e4. P\u00e4ivisin ty\u00f6skentelen sairaanhoitajana neuropsykiatrisesti oireilevien lasten kanssa. T\u00e4m\u00e4n ohella tarjoan rentoutusohjaajan sek\u00e4 yin-joogaohjaajan palveluita. Unelmoin p\u00e4ivitt\u00e4isest\u00e4 avantoon pulahtamisesta, joka-aamuisesta jooga-hetkest\u00e4 ulkoilmassa sek\u00e4 ennen kaikkea vapaudesta el\u00e4\u00e4 juuri omann\u00e4k\u00f6ist\u00e4 el\u00e4m\u00e4\u00e4! El\u00e4m\u00e4ni on [&hellip;]\" \/>\n<meta property=\"og:url\" content=\"https:\/\/mielike.fi\/index.php\/sample-page\/\" \/>\n<meta property=\"og:site_name\" content=\"Mieli,liike ja keho\" \/>\n<meta property=\"article:modified_time\" content=\"2026-04-04T11:00:41+00:00\" \/>\n<meta name=\"twitter:card\" content=\"summary_large_image\" \/>\n<meta name=\"twitter:label1\" content=\"Arvioitu lukuaika\" \/>\n\t<meta name=\"twitter:data1\" content=\"2 minuuttia\" \/>\n<script type=\"application\/ld+json\" class=\"yoast-schema-graph\">{\"@context\":\"https:\/\/schema.org\",\"@graph\":[{\"@type\":\"WebPage\",\"@id\":\"https:\/\/mielike.fi\/index.php\/sample-page\/\",\"url\":\"https:\/\/mielike.fi\/index.php\/sample-page\/\",\"name\":\"Minusta - Mieli,liike ja keho\",\"isPartOf\":{\"@id\":\"https:\/\/mielike.fi\/#website\"},\"datePublished\":\"2026-03-19T07:36:13+00:00\",\"dateModified\":\"2026-04-04T11:00:41+00:00\",\"breadcrumb\":{\"@id\":\"https:\/\/mielike.fi\/index.php\/sample-page\/#breadcrumb\"},\"inLanguage\":\"fi\",\"potentialAction\":[{\"@type\":\"ReadAction\",\"target\":[\"https:\/\/mielike.fi\/index.php\/sample-page\/\"]}]},{\"@type\":\"BreadcrumbList\",\"@id\":\"https:\/\/mielike.fi\/index.php\/sample-page\/#breadcrumb\",\"itemListElement\":[{\"@type\":\"ListItem\",\"position\":1,\"name\":\"Etusivu\",\"item\":\"https:\/\/mielike.fi\/\"},{\"@type\":\"ListItem\",\"position\":2,\"name\":\"Minusta\"}]},{\"@type\":\"WebSite\",\"@id\":\"https:\/\/mielike.fi\/#website\",\"url\":\"https:\/\/mielike.fi\/\",\"name\":\"Mielen ja kehon rentoutus\",\"description\":\"Kehotietoinen rentoutusohjaus.\",\"publisher\":{\"@id\":\"https:\/\/mielike.fi\/#\/schema\/person\/03c07dc35716f187a614ccf2f6651a51\"},\"potentialAction\":[{\"@type\":\"SearchAction\",\"target\":{\"@type\":\"EntryPoint\",\"urlTemplate\":\"https:\/\/mielike.fi\/?s={search_term_string}\"},\"query-input\":{\"@type\":\"PropertyValueSpecification\",\"valueRequired\":true,\"valueName\":\"search_term_string\"}}],\"inLanguage\":\"fi\"},{\"@type\":[\"Person\",\"Organization\"],\"@id\":\"https:\/\/mielike.fi\/#\/schema\/person\/03c07dc35716f187a614ccf2f6651a51\",\"name\":\"Hertta Lehtinen\",\"image\":{\"@type\":\"ImageObject\",\"inLanguage\":\"fi\",\"@id\":\"https:\/\/mielike.fi\/wp-content\/uploads\/2026\/03\/MIELIKE.png\",\"url\":\"https:\/\/mielike.fi\/wp-content\/uploads\/2026\/03\/MIELIKE.png\",\"contentUrl\":\"https:\/\/mielike.fi\/wp-content\/uploads\/2026\/03\/MIELIKE.png\",\"width\":2000,\"height\":2000,\"caption\":\"Hertta Lehtinen\"},\"logo\":{\"@id\":\"https:\/\/mielike.fi\/wp-content\/uploads\/2026\/03\/MIELIKE.png\"},\"sameAs\":[\"https:\/\/mielike.fi\",\"mielike.fi\"]}]}<\/script>\n<!-- \/ Yoast SEO plugin. -->","yoast_head_json":{"title":"Minusta - Mieli,liike ja keho","robots":{"index":"index","follow":"follow","max-snippet":"max-snippet:-1","max-image-preview":"max-image-preview:large","max-video-preview":"max-video-preview:-1"},"canonical":"https:\/\/mielike.fi\/index.php\/sample-page\/","og_locale":"fi_FI","og_type":"article","og_title":"Minusta - Mieli,liike ja keho","og_description":"Ihanaa, ett\u00e4 olet l\u00f6yt\u00e4nyt sivuilleni! Olen Hertta Lehtinen 32-vuotias lapsiin ja nuoriin erikoistunut sairaanhoitaja, kehotietoinen rentoutusohjaaja ja yin-joogaohjaaja. Asun Sastamalassa perheeni kanssa Rautaveden \u00e4\u00e4rell\u00e4. P\u00e4ivisin ty\u00f6skentelen sairaanhoitajana neuropsykiatrisesti oireilevien lasten kanssa. T\u00e4m\u00e4n ohella tarjoan rentoutusohjaajan sek\u00e4 yin-joogaohjaajan palveluita. Unelmoin p\u00e4ivitt\u00e4isest\u00e4 avantoon pulahtamisesta, joka-aamuisesta jooga-hetkest\u00e4 ulkoilmassa sek\u00e4 ennen kaikkea vapaudesta el\u00e4\u00e4 juuri omann\u00e4k\u00f6ist\u00e4 el\u00e4m\u00e4\u00e4! El\u00e4m\u00e4ni on [&hellip;]","og_url":"https:\/\/mielike.fi\/index.php\/sample-page\/","og_site_name":"Mieli,liike ja keho","article_modified_time":"2026-04-04T11:00:41+00:00","twitter_card":"summary_large_image","twitter_misc":{"Arvioitu lukuaika":"2 minuuttia"},"schema":{"@context":"https:\/\/schema.org","@graph":[{"@type":"WebPage","@id":"https:\/\/mielike.fi\/index.php\/sample-page\/","url":"https:\/\/mielike.fi\/index.php\/sample-page\/","name":"Minusta - Mieli,liike ja keho","isPartOf":{"@id":"https:\/\/mielike.fi\/#website"},"datePublished":"2026-03-19T07:36:13+00:00","dateModified":"2026-04-04T11:00:41+00:00","breadcrumb":{"@id":"https:\/\/mielike.fi\/index.php\/sample-page\/#breadcrumb"},"inLanguage":"fi","potentialAction":[{"@type":"ReadAction","target":["https:\/\/mielike.fi\/index.php\/sample-page\/"]}]},{"@type":"BreadcrumbList","@id":"https:\/\/mielike.fi\/index.php\/sample-page\/#breadcrumb","itemListElement":[{"@type":"ListItem","position":1,"name":"Etusivu","item":"https:\/\/mielike.fi\/"},{"@type":"ListItem","position":2,"name":"Minusta"}]},{"@type":"WebSite","@id":"https:\/\/mielike.fi\/#website","url":"https:\/\/mielike.fi\/","name":"Mielen ja kehon rentoutus","description":"Kehotietoinen rentoutusohjaus.","publisher":{"@id":"https:\/\/mielike.fi\/#\/schema\/person\/03c07dc35716f187a614ccf2f6651a51"},"potentialAction":[{"@type":"SearchAction","target":{"@type":"EntryPoint","urlTemplate":"https:\/\/mielike.fi\/?s={search_term_string}"},"query-input":{"@type":"PropertyValueSpecification","valueRequired":true,"valueName":"search_term_string"}}],"inLanguage":"fi"},{"@type":["Person","Organization"],"@id":"https:\/\/mielike.fi\/#\/schema\/person\/03c07dc35716f187a614ccf2f6651a51","name":"Hertta Lehtinen","image":{"@type":"ImageObject","inLanguage":"fi","@id":"https:\/\/mielike.fi\/wp-content\/uploads\/2026\/03\/MIELIKE.png","url":"https:\/\/mielike.fi\/wp-content\/uploads\/2026\/03\/MIELIKE.png","contentUrl":"https:\/\/mielike.fi\/wp-content\/uploads\/2026\/03\/MIELIKE.png","width":2000,"height":2000,"caption":"Hertta Lehtinen"},"logo":{"@id":"https:\/\/mielike.fi\/wp-content\/uploads\/2026\/03\/MIELIKE.png"},"sameAs":["https:\/\/mielike.fi","mielike.fi"]}]}},"_links":{"self":[{"href":"https:\/\/mielike.fi\/index.php\/wp-json\/wp\/v2\/pages\/2","targetHints":{"allow":["GET"]}}],"collection":[{"href":"https:\/\/mielike.fi\/index.php\/wp-json\/wp\/v2\/pages"}],"about":[{"href":"https:\/\/mielike.fi\/index.php\/wp-json\/wp\/v2\/types\/page"}],"author":[{"embeddable":true,"href":"https:\/\/mielike.fi\/index.php\/wp-json\/wp\/v2\/users\/1"}],"replies":[{"embeddable":true,"href":"https:\/\/mielike.fi\/index.php\/wp-json\/wp\/v2\/comments?post=2"}],"version-history":[{"count":4,"href":"https:\/\/mielike.fi\/index.php\/wp-json\/wp\/v2\/pages\/2\/revisions"}],"predecessor-version":[{"id":51,"href":"https:\/\/mielike.fi\/index.php\/wp-json\/wp\/v2\/pages\/2\/revisions\/51"}],"wp:attachment":[{"href":"https:\/\/mielike.fi\/index.php\/wp-json\/wp\/v2\/media?parent=2"}],"curies":[{"name":"wp","href":"https:\/\/api.w.org\/{rel}","templated":true}]}}